{"id":163,"date":"2020-09-25T12:16:13","date_gmt":"2020-09-25T12:16:13","guid":{"rendered":"http:\/\/dwz.hu\/2020\/?page_id=163"},"modified":"2020-10-15T15:45:38","modified_gmt":"2020-10-15T15:45:38","slug":"olmix","status":"publish","type":"page","link":"http:\/\/dwz.hu\/rs\/olmix\/","title":{"rendered":"Olmix"},"content":{"rendered":"<p>[et_pb_section fb_built=&#8221;1&#8243; custom_padding_last_edited=&#8221;on|phone&#8221; admin_label=&#8221;Section &#8211; About header&#8221; _builder_version=&#8221;4.6.5&#8243; background_color=&#8221;#dedede&#8221; background_image=&#8221;http:\/\/dwz.hu\/rs\/wp-content\/uploads\/2020\/09\/hatter.jpg&#8221; parallax=&#8221;on&#8221; parallax_method=&#8221;off&#8221; custom_padding=&#8221;7px||131px||false|false&#8221; custom_padding_tablet=&#8221;19px||14px||false|false&#8221; custom_padding_phone=&#8221;17px||14px||false|false&#8221; hover_enabled=&#8221;0&#8243; alt=&#8221;hatter&#8221; title_text=&#8221;hatter&#8221; sticky_enabled=&#8221;0&#8243;][et_pb_row _builder_version=&#8221;3.25&#8243; background_size=&#8221;initial&#8221; background_position=&#8221;top_left&#8221; background_repeat=&#8221;repeat&#8221;][et_pb_column type=&#8221;4_4&#8243; _builder_version=&#8221;3.25&#8243; custom_padding=&#8221;|||&#8221; custom_padding__hover=&#8221;|||&#8221;][et_pb_text admin_label=&#8221;About Page Top Header &#8211; Text&#8221; _builder_version=&#8221;4.6.3&#8243; text_font=&#8221;|300|||||||&#8221; text_font_size=&#8221;20px&#8221; header_font=&#8221;|700||on|||||&#8221; header_text_color=&#8221;#ffb31a&#8221; header_font_size=&#8221;60px&#8221; text_orientation=&#8221;center&#8221; module_alignment=&#8221;center&#8221; text_font_size_tablet=&#8221;19px&#8221; text_font_size_phone=&#8221;17px&#8221; text_font_size_last_edited=&#8221;on|phone&#8221; header_font_size_tablet=&#8221;50px&#8221; header_font_size_phone=&#8221;35px&#8221; header_font_size_last_edited=&#8221;on|tablet&#8221;]<\/p>\n<h1><strong><em>Olmix:<\/em><\/strong><\/h1>\n<p>[\/et_pb_text][\/et_pb_column][\/et_pb_row][\/et_pb_section][et_pb_section fb_built=&#8221;1&#8243; custom_padding_last_edited=&#8221;on|desktop&#8221; admin_label=&#8221;Section &#8211; About content&#8221; _builder_version=&#8221;3.22&#8243; custom_padding=&#8221;0px||10px|&#8221; custom_padding_tablet=&#8221;50px|||&#8221; custom_padding_phone=&#8221;&#8221;][et_pb_row column_structure=&#8221;1_2,1_2&#8243; use_custom_gutter=&#8221;on&#8221; gutter_width=&#8221;1&#8243; make_equal=&#8221;on&#8221; module_class=&#8221;about-page-content&#8221; _builder_version=&#8221;4.6.3&#8243; custom_margin_tablet=&#8221;&#8221; custom_margin_phone=&#8221;&#8221; custom_margin_last_edited=&#8221;on|desktop&#8221; custom_padding=&#8221;0px||5px|||&#8221;][et_pb_column type=&#8221;1_2&#8243; _builder_version=&#8221;4.6.3&#8243; background_color=&#8221;#ffffff&#8221; custom_padding=&#8221;30px|10px|30px|15px|false|false&#8221; custom_padding_tablet=&#8221;30px|0px|0px|0px&#8221; custom_padding_phone=&#8221;&#8221; custom_padding_last_edited=&#8221;on|desktop&#8221; custom_padding__hover=&#8221;|||&#8221;][et_pb_image src=&#8221;http:\/\/dwz.hu\/rs\/wp-content\/uploads\/2020\/09\/term_olmix.jpg&#8221; alt=&#8221;Olmix&#8221; title_text=&#8221;term_olmix&#8221; _builder_version=&#8221;4.6.5&#8243; _module_preset=&#8221;default&#8221;][\/et_pb_image][\/et_pb_column][et_pb_column type=&#8221;1_2&#8243; _builder_version=&#8221;3.25&#8243; background_color=&#8221;#ffffff&#8221; custom_padding=&#8221;75px|50px|30px|50px&#8221; custom_padding_tablet=&#8221;30px|0px|0px|0px&#8221; custom_padding_phone=&#8221;&#8221; custom_padding_last_edited=&#8221;on|desktop&#8221; custom_padding__hover=&#8221;|||&#8221;][et_pb_text _builder_version=&#8221;4.6.5&#8243; custom_margin=&#8221;-28px|||||&#8221; custom_padding=&#8221;||0px|||&#8221;]<\/p>\n<p>U DWZ Farmer&#8217;s House prodajemo ne samo pelete od \u017eivog organskog stajskog gnoja. Ponosni smo \u0161to smo distributeri ostalih proizvoda me\u0111unarodne, francuske kompanije Olmix na ma\u0111arskom i srpskom tr\u017ei\u0161tu. Proizvodi poznati pre svega <strong>Melfert <\/strong>(<strong>Melspray<\/strong>) i <strong>Vitabase<\/strong>, koji su tako\u0111e sredstvo za pobolj\u0161anje tla na bazi organskih \u0111ubriva. Ove hrane za visokokvalitetno tlo, pored organskog stajnjaka peradi, sadr\u017ee i razne minerale. Preporu\u010dujemo ove proizvode ne za terene, vec\u0301 pre svega za sportske terene, golf terene i javne parkove.<\/p>\n<p>&nbsp;<\/p>\n<p>&nbsp;<\/p>\n<p>[\/et_pb_text][\/et_pb_column][\/et_pb_row][et_pb_row _builder_version=&#8221;4.6.3&#8243; _module_preset=&#8221;default&#8221; custom_margin=&#8221;-26px|auto||auto||&#8221;][et_pb_column type=&#8221;4_4&#8243; _builder_version=&#8221;4.6.3&#8243; _module_preset=&#8221;default&#8221;][et_pb_text _builder_version=&#8221;4.6.5&#8243; _module_preset=&#8221;default&#8221; custom_padding=&#8221;9px|||||&#8221;]<\/p>\n<p>Pored proizvoda organskog \u0111ubriva, uvozimo i <strong>Olmix AlgoMel<\/strong> grupu proizvoda. Zahvaljujuc\u0301i inovativnoj tehnologiji kompanije Olmix, \u0161irok spektar re\u0161enja za organske proizvode napravljene od algi i elemenata u tragovima obezbe\u0111uje vec\u0301e prinose u proizvodnji useva bez ugro\u017eavanja prirode i kvaliteta useva. Na ovaj na\u010din mo\u017ee se stvoriti ekolo\u0161ki prihvatljiva i zdrava kultura, koja je odli\u010dna za poljske useve, u vrtlarstvu, vinogradarstvu i proizvodnji drvec\u0301a. Ovi proizvodi pobolj\u0161avaju plodnost tla i ja\u010daju otpornost, poma\u017eu u smanjenju upotrebe prskalica, povec\u0301avaju prinos i kvalitet uzgajanih biljaka.<\/p>\n<p><strong><em>Za poljske useve nudimo<\/em><\/strong> sledec\u0301e <strong><em>stimulatore rasta na bazi algi<\/em><\/strong>:<\/p>\n<p style=\"padding-left: 30px;\">AlgoMel Push<\/p>\n<p style=\"padding-left: 30px;\">AlgoMel Proact<\/p>\n<p style=\"padding-left: 30px;\">AlgoMel Shield<\/p>\n<p>Pored toga, nudimo <strong><em>sledec\u0301e granule<\/em><\/strong>, <strong><em>koje su mikrobni aktivatori biomase<\/em><\/strong>:<\/p>\n<p style=\"padding-left: 30px;\">Olmix Geo 2<\/p>\n<p style=\"padding-left: 30px;\">Olmix Neosol<\/p>\n<p style=\"padding-left: 30px;\">Olmix Explorer<\/p>\n<p><strong><em>U hortikulturi nudimo ekstrakte morske trave iz SeaMel-a<\/em><\/strong> za proizvodnju gro\u017e\u0111a i drvec\u0301a.<\/p>\n<p>[\/et_pb_text][\/et_pb_column][\/et_pb_row][\/et_pb_section][et_pb_section fb_built=&#8221;1&#8243; _builder_version=&#8221;4.6.5&#8243; background_color=&#8221;#f9f9f8&#8243; background_image=&#8221;https:\/\/dwz.hu\/rs\/wp-content\/uploads\/2020\/09\/hatter.jpg&#8221; parallax=&#8221;on&#8221; parallax_method=&#8221;off&#8221; custom_padding=&#8221;31px||19px||false|false&#8221; global_module=&#8221;231&#8243;][et_pb_row _builder_version=&#8221;4.6.3&#8243; _module_preset=&#8221;default&#8221; custom_padding=&#8221;9px||10px|||&#8221;][et_pb_column type=&#8221;4_4&#8243; _builder_version=&#8221;4.6.3&#8243; _module_preset=&#8221;default&#8221;][et_pb_text _builder_version=&#8221;4.6.3&#8243; _module_preset=&#8221;default&#8221;]<\/p>\n<h1>Term\u00e9k csoportjaink<\/h1>\n<p>[\/et_pb_text][\/et_pb_column][\/et_pb_row][et_pb_row column_structure=&#8221;1_4,1_4,1_4,1_4&#8243; use_custom_gutter=&#8221;on&#8221; gutter_width=&#8221;2&#8243; _builder_version=&#8221;3.25&#8243; animation_style=&#8221;slide&#8221; animation_direction=&#8221;right&#8221; animation_duration=&#8221;1350ms&#8221; animation_delay=&#8221;500ms&#8221;][et_pb_column type=&#8221;1_4&#8243; _builder_version=&#8221;3.25&#8243; custom_padding=&#8221;|||&#8221; custom_padding__hover=&#8221;|||&#8221;][et_pb_blurb title=&#8221;Organsko \u0111ubrivo:&#8221; image=&#8221;http:\/\/dwz.hu\/rs\/wp-content\/uploads\/2020\/09\/term_baromfiszervestragya.jpg&#8221; alt=&#8221;Baromfi szervestr\u00e1gya&#8221; image_max_width=&#8221;87%&#8221; _builder_version=&#8221;4.6.5&#8243; _dynamic_attributes=&#8221;link_option_url&#8221; header_level=&#8221;h6&#8243; header_font=&#8221;Poppins|700|||||||&#8221; header_text_align=&#8221;center&#8221; header_text_color=&#8221;#604933&#8243; header_font_size=&#8221;20px&#8221; body_font=&#8221;Muli||||||||&#8221; body_text_align=&#8221;center&#8221; body_text_color=&#8221;#000000&#8243; body_font_size=&#8221;16px&#8221; body_line_height=&#8221;1.8em&#8221; background_color=&#8221;#ffffff&#8221; custom_padding=&#8221;65px|39px|18px|39px|false|true&#8221; link_option_url=&#8221;@ET-DC@eyJkeW5hbWljIjp0cnVlLCJjb250ZW50IjoicG9zdF9saW5rX3VybF9wYWdlIiwic2V0dGluZ3MiOnsicG9zdF9pZCI6IjE0OSJ9fQ==@&#8221; border_radii=&#8221;on|10px|10px|10px|10px&#8221; box_shadow_style=&#8221;preset1&#8243; box_shadow_vertical=&#8221;39px&#8221; box_shadow_blur=&#8221;71px&#8221; box_shadow_spread=&#8221;9px&#8221; box_shadow_color=&#8221;rgba(96,73,51,0.08)&#8221; custom_margin__hover_enabled=&#8221;on&#8221; custom_margin__hover=&#8221;-31px||&#8221; header_letter_spacing__hover_enabled=&#8221;on&#8221; header_letter_spacing__hover=&#8221;2px&#8221;]<\/p>\n<p>&#8230; talajt\u00e1pszer szerves anyagb\u00f3l sz\u00e1rmazik, a m\u0171tr\u00e1gya ellen\u00e9ben<\/p>\n<p>[\/et_pb_blurb][\/et_pb_column][et_pb_column type=&#8221;1_4&#8243; _builder_version=&#8221;3.25&#8243; custom_padding=&#8221;|||&#8221; custom_padding__hover=&#8221;|||&#8221;][et_pb_blurb title=&#8221;Olmix&#8221; image=&#8221;http:\/\/dwz.hu\/rs\/wp-content\/uploads\/2020\/09\/term_olmix.jpg&#8221; alt=&#8221;Olmix&#8221; image_max_width=&#8221;87%&#8221; _builder_version=&#8221;4.6.5&#8243; _dynamic_attributes=&#8221;link_option_url&#8221; header_level=&#8221;h6&#8243; header_font=&#8221;Poppins|700|||||||&#8221; header_text_align=&#8221;center&#8221; header_text_color=&#8221;#604933&#8243; header_font_size=&#8221;20px&#8221; body_font=&#8221;Muli||||||||&#8221; body_text_align=&#8221;center&#8221; body_text_color=&#8221;#000000&#8243; body_font_size=&#8221;16px&#8221; body_line_height=&#8221;1.8em&#8221; background_color=&#8221;#ffffff&#8221; custom_padding=&#8221;65px|39px|13px|39px|false|true&#8221; link_option_url=&#8221;@ET-DC@eyJkeW5hbWljIjp0cnVlLCJjb250ZW50IjoicG9zdF9saW5rX3VybF9wYWdlIiwic2V0dGluZ3MiOnsicG9zdF9pZCI6IjE2MyJ9fQ==@&#8221; border_radii=&#8221;on|10px|10px|10px|10px&#8221; box_shadow_style=&#8221;preset1&#8243; box_shadow_vertical=&#8221;39px&#8221; box_shadow_blur=&#8221;71px&#8221; box_shadow_spread=&#8221;9px&#8221; box_shadow_color=&#8221;rgba(96,73,51,0.08)&#8221; custom_margin__hover_enabled=&#8221;on&#8221; custom_margin__hover=&#8221;-31px||&#8221; header_letter_spacing__hover_enabled=&#8221;on&#8221; header_letter_spacing__hover=&#8221;2px&#8221;]<\/p>\n<p>&#8230;. francia k\u00f6zpont\u00fa <strong>Olmix<\/strong> c\u00e9gcsoport tov\u00e1bbi term\u00e9keinek a forgalmaz\u00f3i vagyunk<\/p>\n<p>[\/et_pb_blurb][\/et_pb_column][et_pb_column type=&#8221;1_4&#8243; _builder_version=&#8221;3.25&#8243; custom_padding=&#8221;|||&#8221; custom_padding__hover=&#8221;|||&#8221;][et_pb_blurb title=&#8221;Axereal &#8221; image=&#8221;http:\/\/dwz.hu\/rs\/wp-content\/uploads\/2020\/09\/term_axereal.jpg&#8221; alt=&#8221;Axeral&#8221; image_max_width=&#8221;87%&#8221; _builder_version=&#8221;4.6.5&#8243; _dynamic_attributes=&#8221;link_option_url&#8221; header_level=&#8221;h6&#8243; header_font=&#8221;Poppins|700|||||||&#8221; header_text_align=&#8221;center&#8221; header_text_color=&#8221;#604933&#8243; header_font_size=&#8221;20px&#8221; body_font=&#8221;Muli||||||||&#8221; body_text_align=&#8221;center&#8221; body_text_color=&#8221;#000000&#8243; body_font_size=&#8221;16px&#8221; body_line_height=&#8221;1.8em&#8221; background_color=&#8221;#ffffff&#8221; custom_padding=&#8221;65px|39px|15px|39px|false|true&#8221; link_option_url=&#8221;@ET-DC@eyJkeW5hbWljIjp0cnVlLCJjb250ZW50IjoicG9zdF9saW5rX3VybF9wYWdlIiwic2V0dGluZ3MiOnsicG9zdF9pZCI6IjE3MCJ9fQ==@&#8221; border_radii=&#8221;on|10px|10px|10px|10px&#8221; box_shadow_style=&#8221;preset1&#8243; box_shadow_vertical=&#8221;39px&#8221; box_shadow_blur=&#8221;71px&#8221; box_shadow_spread=&#8221;9px&#8221; box_shadow_color=&#8221;rgba(96,73,51,0.08)&#8221; custom_margin__hover_enabled=&#8221;on&#8221; custom_margin__hover=&#8221;-31px||&#8221; header_letter_spacing__hover_enabled=&#8221;on&#8221; header_letter_spacing__hover=&#8221;2px&#8221;]<\/p>\n<p><strong>(Oligo star, Loc\u2019ax)<\/strong> &#8230; vet\u0151magok \u00e9s egy\u00e9b term\u00e9ny \u00e9s input anyag forgalmaz\u00e1sa<\/p>\n<p>[\/et_pb_blurb][\/et_pb_column][et_pb_column type=&#8221;1_4&#8243; _builder_version=&#8221;4.6.3&#8243; _module_preset=&#8221;default&#8221;][et_pb_blurb title=&#8221;Telec\u0301e mleko u prahu&#8221; image=&#8221;http:\/\/dwz.hu\/rs\/wp-content\/uploads\/2020\/09\/term_tejpor.jpg&#8221; alt=&#8221;Borj\u00fa tejpor&#8221; image_max_width=&#8221;87%&#8221; _builder_version=&#8221;4.6.5&#8243; _dynamic_attributes=&#8221;link_option_url&#8221; header_level=&#8221;h6&#8243; header_font=&#8221;Poppins|700|||||||&#8221; header_text_align=&#8221;center&#8221; header_text_color=&#8221;#604933&#8243; header_font_size=&#8221;20px&#8221; body_font=&#8221;Muli||||||||&#8221; body_text_align=&#8221;center&#8221; body_text_color=&#8221;#000000&#8243; body_font_size=&#8221;16px&#8221; body_line_height=&#8221;1.8em&#8221; background_color=&#8221;#ffffff&#8221; custom_padding=&#8221;65px|39px|15px|39px|false|true&#8221; link_option_url=&#8221;@ET-DC@eyJkeW5hbWljIjp0cnVlLCJjb250ZW50IjoicG9zdF9saW5rX3VybF9wYWdlIiwic2V0dGluZ3MiOnsicG9zdF9pZCI6IjE3NCJ9fQ==@&#8221; border_radii=&#8221;on|10px|10px|10px|10px&#8221; box_shadow_style=&#8221;preset1&#8243; box_shadow_vertical=&#8221;39px&#8221; box_shadow_blur=&#8221;71px&#8221; box_shadow_spread=&#8221;9px&#8221; box_shadow_color=&#8221;rgba(96,73,51,0.08)&#8221; custom_margin__hover_enabled=&#8221;on&#8221; custom_margin__hover=&#8221;-31px||&#8221; header_letter_spacing__hover_enabled=&#8221;on&#8221; header_letter_spacing__hover=&#8221;2px&#8221;]<\/p>\n<p>&#8230; Hollandi\u00e1b\u00f3l sz\u00e1rmaz\u00f3, els\u0151 min\u0151s\u00e9g\u0171 borj\u00fatejpor<\/p>\n<p>[\/et_pb_blurb][\/et_pb_column][\/et_pb_row][\/et_pb_section][et_pb_section fb_built=&#8221;1&#8243; admin_label=&#8221;Contact Info&#8221; _builder_version=&#8221;4.6.5&#8243; background_color=&#8221;#297FCA&#8221; background_image=&#8221;http:\/\/dwz.hu\/rs\/wp-content\/uploads\/2020\/09\/egg-farm5-25.jpg&#8221; custom_padding=&#8221;0px||143px||false|false&#8221; box_shadow_style=&#8221;preset7&#8243; box_shadow_horizontal=&#8221;0px&#8221; box_shadow_vertical=&#8221;100px&#8221; box_shadow_color=&#8221;#ffffff&#8221; global_module=&#8221;34&#8243;][et_pb_row column_structure=&#8221;1_2,1_2&#8243; padding_top_bottom_link_1=&#8221;true&#8221; padding_left_right_link_1=&#8221;true&#8221; _builder_version=&#8221;4.6.3&#8243; custom_padding=&#8221;0px||0px||true&#8221; animation_direction=&#8221;left&#8221; border_radii=&#8221;|10px|||10px&#8221;][et_pb_column type=&#8221;1_2&#8243; _builder_version=&#8221;4.6.3&#8243; background_color=&#8221;#01804a&#8221; background_color_gradient_direction=&#8221;190deg&#8221; custom_padding=&#8221;80px|80px|80px|80px&#8221; custom_padding_tablet=&#8221;|10%||10%||true&#8221; custom_padding_phone=&#8221;&#8221; custom_padding_last_edited=&#8221;on|tablet&#8221; custom_padding__hover=&#8221;|||&#8221;][et_pb_blurb title=&#8221;C\u00edm\u00fcnk&#8221; image=&#8221;http:\/\/dwz.hu\/rs\/wp-content\/uploads\/2020\/09\/egg-farm3-1.png&#8221; icon_placement=&#8221;left&#8221; _builder_version=&#8221;4.6.5&#8243; header_font=&#8221;Poppins|700|||||||&#8221; header_font_size=&#8221;20px&#8221; header_line_height=&#8221;1.2em&#8221; body_font=&#8221;Muli||||||||&#8221; body_font_size=&#8221;16px&#8221; body_line_height=&#8221;1.8em&#8221; background_layout=&#8221;dark&#8221; animation_direction=&#8221;left&#8221;]<\/p>\n<p><strong>DWZ Hungaria Kft.<\/strong><br \/> H-7831 Pell\u00e9rd, Szabads\u00e1g utca 44.<br \/> Ma\u0111arska<\/p>\n<p><strong>DWZ Impex Doo<\/strong><br \/> Ko\u0161ut Lajo\u0161a \/ Kossuth Lajos u. 45<br \/> SRB-25262 Kupusina (Kupuszina)<br \/> Srbija<\/p>\n<p>&nbsp;<\/p>\n<p>[\/et_pb_blurb][et_pb_blurb title=&#8221;Telefon&#8221; image=&#8221;http:\/\/dwz.hu\/rs\/wp-content\/uploads\/2020\/09\/egg-farm3-2.png&#8221; icon_placement=&#8221;left&#8221; _builder_version=&#8221;4.6.5&#8243; header_font=&#8221;Poppins|700|||||||&#8221; header_font_size=&#8221;20px&#8221; header_line_height=&#8221;1.2em&#8221; body_font=&#8221;Muli||||||||&#8221; body_font_size=&#8221;16px&#8221; body_line_height=&#8221;1.8em&#8221; background_layout=&#8221;dark&#8221; custom_padding=&#8221;15px|||&#8221; animation_direction=&#8221;left&#8221;]<\/p>\n<div class=\"et_pb_blurb_description\">\n<div class=\"et_pb_blurb_description\">\n<p><strong>Generalni direktor:<\/strong><br \/> Dr Kemkers Robert +36 30 2323 792<\/p>\n<p><span style=\"color: #999999;\"><strong>Regionalni predstavnik:<\/strong><\/span><\/p>\n<\/div>\n<p><strong>HOLANDIJA:<\/strong><br \/> Zuidema Jan-Piet +31 6 5066 1378<\/p>\n<p><strong>SRBIJA:<\/strong><br \/> Siplika Julianna +381 69 231 8305<\/p>\n<\/div>\n<p>[\/et_pb_blurb][et_pb_blurb title=&#8221;Email&#8221; image=&#8221;http:\/\/dwz.hu\/rs\/wp-content\/uploads\/2020\/09\/egg-farm3-3.png&#8221; icon_placement=&#8221;left&#8221; _builder_version=&#8221;4.6.5&#8243; header_font=&#8221;Poppins|700|||||||&#8221; header_font_size=&#8221;20px&#8221; header_line_height=&#8221;1.2em&#8221; body_font=&#8221;Muli||||||||&#8221; body_font_size=&#8221;16px&#8221; body_line_height=&#8221;1.8em&#8221; background_layout=&#8221;dark&#8221; custom_padding=&#8221;15px|||&#8221; animation_direction=&#8221;left&#8221;]<\/p>\n<p>info@dwz.hu<\/p>\n<p>[\/et_pb_blurb][\/et_pb_column][et_pb_column type=&#8221;1_2&#8243; _builder_version=&#8221;3.25&#8243; custom_padding=&#8221;|||&#8221; custom_padding_tablet=&#8221;0px|||&#8221; custom_padding_phone=&#8221;&#8221; custom_padding_last_edited=&#8221;on|desktop&#8221; custom_padding__hover=&#8221;|||&#8221;][\/et_pb_column][\/et_pb_row][\/et_pb_section]<\/p>\n","protected":false},"excerpt":{"rendered":"<p>[et_pb_section fb_built=&#8221;1&#8243; custom_padding_last_edited=&#8221;on|phone&#8221; admin_label=&#8221;Section &#8211; About header&#8221; _builder_version=&#8221;4.6.5&#8243; background_color=&#8221;#dedede&#8221; background_image=&#8221;http:\/\/dwz.hu\/rs\/wp-content\/uploads\/2020\/09\/hatter.jpg&#8221; parallax=&#8221;on&#8221; parallax_method=&#8221;off&#8221; custom_padding=&#8221;7px||131px||false|false&#8221; custom_padding_tablet=&#8221;19px||14px||false|false&#8221; custom_padding_phone=&#8221;17px||14px||false|false&#8221; hover_enabled=&#8221;0&#8243; alt=&#8221;hatter&#8221; title_text=&#8221;hatter&#8221; sticky_enabled=&#8221;0&#8243;][et_pb_row _builder_version=&#8221;3.25&#8243; background_size=&#8221;initial&#8221; background_position=&#8221;top_left&#8221; background_repeat=&#8221;repeat&#8221;][et_pb_column type=&#8221;4_4&#8243; _builder_version=&#8221;3.25&#8243; custom_padding=&#8221;|||&#8221; custom_padding__hover=&#8221;|||&#8221;][et_pb_text admin_label=&#8221;About Page Top Header &#8211; Text&#8221; _builder_version=&#8221;4.6.3&#8243; text_font=&#8221;|300|||||||&#8221; text_font_size=&#8221;20px&#8221; header_font=&#8221;|700||on|||||&#8221; header_text_color=&#8221;#ffb31a&#8221; header_font_size=&#8221;60px&#8221; text_orientation=&#8221;center&#8221; module_alignment=&#8221;center&#8221; text_font_size_tablet=&#8221;19px&#8221; text_font_size_phone=&#8221;17px&#8221; text_font_size_last_edited=&#8221;on|phone&#8221; header_font_size_tablet=&#8221;50px&#8221; header_font_size_phone=&#8221;35px&#8221; header_font_size_last_edited=&#8221;on|tablet&#8221;] Olmix: [\/et_pb_text][\/et_pb_column][\/et_pb_row][\/et_pb_section][et_pb_section fb_built=&#8221;1&#8243; custom_padding_last_edited=&#8221;on|desktop&#8221; admin_label=&#8221;Section &#8211; About content&#8221; [&hellip;]<\/p>\n","protected":false},"author":1,"featured_media":0,"parent":0,"menu_order":0,"comment_status":"closed","ping_status":"closed","template":"","meta":{"_et_pb_use_builder":"on","_et_pb_old_content":"","_et_gb_content_width":""},"yoast_head":"<!-- This site is optimized with the Yoast SEO plugin v15.1.1 - https:\/\/yoast.com\/wordpress\/plugins\/seo\/ -->\n<title>Olmix - DWZ Hung\u00e1ria \/ Serbia<\/title>\n<meta name=\"robots\" content=\"index, follow, max-snippet:-1, max-image-preview:large, max-video-preview:-1\" \/>\n<link rel=\"canonical\" href=\"http:\/\/dwz.hu\/rs\/olmix\/\" \/>\n<meta property=\"og:locale\" content=\"hu_HU\" \/>\n<meta property=\"og:type\" content=\"article\" \/>\n<meta property=\"og:title\" content=\"Olmix - DWZ Hung\u00e1ria \/ Serbia\" \/>\n<meta property=\"og:description\" content=\"[et_pb_section fb_built=&#8221;1&#8243; custom_padding_last_edited=&#8221;on|phone&#8221; admin_label=&#8221;Section &#8211; About header&#8221; _builder_version=&#8221;4.6.5&#8243; background_color=&#8221;#dedede&#8221; background_image=&#8221;http:\/\/dwz.hu\/rs\/wp-content\/uploads\/2020\/09\/hatter.jpg&#8221; parallax=&#8221;on&#8221; parallax_method=&#8221;off&#8221; custom_padding=&#8221;7px||131px||false|false&#8221; custom_padding_tablet=&#8221;19px||14px||false|false&#8221; custom_padding_phone=&#8221;17px||14px||false|false&#8221; hover_enabled=&#8221;0&#8243; alt=&#8221;hatter&#8221; title_text=&#8221;hatter&#8221; sticky_enabled=&#8221;0&#8243;][et_pb_row _builder_version=&#8221;3.25&#8243; background_size=&#8221;initial&#8221; background_position=&#8221;top_left&#8221; background_repeat=&#8221;repeat&#8221;][et_pb_column type=&#8221;4_4&#8243; _builder_version=&#8221;3.25&#8243; custom_padding=&#8221;|||&#8221; custom_padding__hover=&#8221;|||&#8221;][et_pb_text admin_label=&#8221;About Page Top Header &#8211; Text&#8221; _builder_version=&#8221;4.6.3&#8243; text_font=&#8221;|300|||||||&#8221; text_font_size=&#8221;20px&#8221; header_font=&#8221;|700||on|||||&#8221; header_text_color=&#8221;#ffb31a&#8221; header_font_size=&#8221;60px&#8221; text_orientation=&#8221;center&#8221; module_alignment=&#8221;center&#8221; text_font_size_tablet=&#8221;19px&#8221; text_font_size_phone=&#8221;17px&#8221; text_font_size_last_edited=&#8221;on|phone&#8221; header_font_size_tablet=&#8221;50px&#8221; header_font_size_phone=&#8221;35px&#8221; header_font_size_last_edited=&#8221;on|tablet&#8221;] Olmix: [\/et_pb_text][\/et_pb_column][\/et_pb_row][\/et_pb_section][et_pb_section fb_built=&#8221;1&#8243; custom_padding_last_edited=&#8221;on|desktop&#8221; admin_label=&#8221;Section &#8211; About content&#8221; [&hellip;]\" \/>\n<meta property=\"og:url\" content=\"http:\/\/dwz.hu\/rs\/olmix\/\" \/>\n<meta property=\"og:site_name\" content=\"DWZ Hung\u00e1ria \/ Serbia\" \/>\n<meta property=\"article:modified_time\" content=\"2020-10-15T15:45:38+00:00\" \/>\n<meta name=\"twitter:card\" content=\"summary_large_image\" \/>\n<script type=\"application\/ld+json\" class=\"yoast-schema-graph\">{\"@context\":\"https:\/\/schema.org\",\"@graph\":[{\"@type\":\"WebSite\",\"@id\":\"http:\/\/dwz.hu\/rs\/#website\",\"url\":\"http:\/\/dwz.hu\/rs\/\",\"name\":\"DWZ Hung\\u00e1ria \/ Serbia\",\"description\":\"Vet\\u0151mag \\u00e9s gabonakereskedelem, Baromfi szervestr\\u00e1gya, Olmix, Axeral, Borj\\u00fatejpor kereskedelem\",\"potentialAction\":[{\"@type\":\"SearchAction\",\"target\":\"http:\/\/dwz.hu\/rs\/?s={search_term_string}\",\"query-input\":\"required name=search_term_string\"}],\"inLanguage\":\"hu\"},{\"@type\":\"WebPage\",\"@id\":\"http:\/\/dwz.hu\/rs\/olmix\/#webpage\",\"url\":\"http:\/\/dwz.hu\/rs\/olmix\/\",\"name\":\"Olmix - DWZ Hung\\u00e1ria \/ Serbia\",\"isPartOf\":{\"@id\":\"http:\/\/dwz.hu\/rs\/#website\"},\"datePublished\":\"2020-09-25T12:16:13+00:00\",\"dateModified\":\"2020-10-15T15:45:38+00:00\",\"inLanguage\":\"hu\",\"potentialAction\":[{\"@type\":\"ReadAction\",\"target\":[\"http:\/\/dwz.hu\/rs\/olmix\/\"]}]}]}<\/script>\n<!-- \/ Yoast SEO plugin. -->","_links":{"self":[{"href":"http:\/\/dwz.hu\/rs\/wp-json\/wp\/v2\/pages\/163"}],"collection":[{"href":"http:\/\/dwz.hu\/rs\/wp-json\/wp\/v2\/pages"}],"about":[{"href":"http:\/\/dwz.hu\/rs\/wp-json\/wp\/v2\/types\/page"}],"author":[{"embeddable":true,"href":"http:\/\/dwz.hu\/rs\/wp-json\/wp\/v2\/users\/1"}],"replies":[{"embeddable":true,"href":"http:\/\/dwz.hu\/rs\/wp-json\/wp\/v2\/comments?post=163"}],"version-history":[{"count":11,"href":"http:\/\/dwz.hu\/rs\/wp-json\/wp\/v2\/pages\/163\/revisions"}],"predecessor-version":[{"id":410,"href":"http:\/\/dwz.hu\/rs\/wp-json\/wp\/v2\/pages\/163\/revisions\/410"}],"wp:attachment":[{"href":"http:\/\/dwz.hu\/rs\/wp-json\/wp\/v2\/media?parent=163"}],"curies":[{"name":"wp","href":"https:\/\/api.w.org\/{rel}","templated":true}]}}