{"id":36,"date":"2019-03-23T13:44:46","date_gmt":"2019-03-23T13:44:46","guid":{"rendered":"https:\/\/demo.hellowp.io\/1\/?page_id=21"},"modified":"2020-10-27T03:55:44","modified_gmt":"2020-10-27T03:55:44","slug":"uvod","status":"publish","type":"page","link":"http:\/\/dwz.hu\/rs\/uvod\/","title":{"rendered":"Uvod"},"content":{"rendered":"<p>[et_pb_section fb_built=&#8221;1&#8243; custom_padding_last_edited=&#8221;on|phone&#8221; admin_label=&#8221;Section &#8211; About header&#8221; _builder_version=&#8221;4.6.5&#8243; background_color=&#8221;#dedede&#8221; background_image=&#8221;http:\/\/dwz.hu\/rs\/wp-content\/uploads\/2020\/09\/hatter.jpg&#8221; parallax=&#8221;on&#8221; parallax_method=&#8221;off&#8221; custom_padding=&#8221;7px||173px||false|false&#8221; custom_padding_tablet=&#8221;100px||100px|&#8221; custom_padding_phone=&#8221;75px||75px|&#8221;][et_pb_row _builder_version=&#8221;3.25&#8243; background_size=&#8221;initial&#8221; background_position=&#8221;top_left&#8221; background_repeat=&#8221;repeat&#8221;][et_pb_column type=&#8221;4_4&#8243; _builder_version=&#8221;3.25&#8243; custom_padding=&#8221;|||&#8221; custom_padding__hover=&#8221;|||&#8221;][et_pb_text admin_label=&#8221;About Page Top Header &#8211; Text&#8221; _builder_version=&#8221;4.6.5&#8243; text_font=&#8221;|300|||||||&#8221; text_font_size=&#8221;20px&#8221; header_font=&#8221;|700||on|||||&#8221; header_text_color=&#8221;#ffb31a&#8221; header_font_size=&#8221;60px&#8221; text_orientation=&#8221;center&#8221; module_alignment=&#8221;center&#8221; text_font_size_tablet=&#8221;19px&#8221; text_font_size_phone=&#8221;17px&#8221; text_font_size_last_edited=&#8221;on|phone&#8221; header_font_size_tablet=&#8221;50px&#8221; header_font_size_phone=&#8221;35px&#8221; header_font_size_last_edited=&#8221;on|tablet&#8221;]<\/p>\n<h1>UVOD<o:p><\/o:p><\/h1>\n<p>DWZ Hung\u00e1ria kft.<\/p>\n<p>[\/et_pb_text][\/et_pb_column][\/et_pb_row][\/et_pb_section][et_pb_section fb_built=&#8221;1&#8243; custom_padding_last_edited=&#8221;on|desktop&#8221; admin_label=&#8221;Section &#8211; About content&#8221; _builder_version=&#8221;3.22&#8243; custom_padding=&#8221;0px||10px|&#8221; custom_padding_tablet=&#8221;50px|||&#8221; custom_padding_phone=&#8221;&#8221;][et_pb_row column_structure=&#8221;1_2,1_2&#8243; use_custom_gutter=&#8221;on&#8221; gutter_width=&#8221;1&#8243; make_equal=&#8221;on&#8221; module_class=&#8221;about-page-content&#8221; _builder_version=&#8221;4.6.5&#8243; background_image=&#8221;https:\/\/dwz.hu\/rs\/wp-content\/uploads\/2020\/09\/szelmalom2.jpg&#8221; custom_margin_tablet=&#8221;&#8221; custom_margin_phone=&#8221;&#8221; custom_margin_last_edited=&#8221;on|desktop&#8221; custom_padding=&#8221;0px||4px|||&#8221;][et_pb_column type=&#8221;1_2&#8243; _builder_version=&#8221;3.25&#8243; background_color=&#8221;#ffffff&#8221; custom_padding=&#8221;75px|50px|30px|50px&#8221; custom_padding_tablet=&#8221;30px|0px|0px|0px&#8221; custom_padding_phone=&#8221;&#8221; custom_padding_last_edited=&#8221;on|desktop&#8221; custom_padding__hover=&#8221;|||&#8221;][et_pb_text admin_label=&#8221;Text h1 header&#8221; _builder_version=&#8221;4.6.5&#8243; header_font=&#8221;|700|||||||&#8221; header_font_size=&#8221;35px&#8221; custom_margin=&#8221;||20px|&#8221; header_font_size_tablet=&#8221;33px&#8221; header_font_size_phone=&#8221;27px&#8221; header_font_size_last_edited=&#8221;on|phone&#8221;]<\/p>\n<h1>DWZ Hung\u00e1ria Kft. (Kft= ma\u0111arsko d.o.o) osnovan je 2011. godine sa holandskim osniva\u010dima.<\/h1>\n<p>[\/et_pb_text][et_pb_text _builder_version=&#8221;4.6.5&#8243;]<\/p>\n<p>\u010clanovi osniva\u010di bile su porodice <strong><em>D<\/em><\/strong>e <strong><em>W<\/em><\/strong>eerd i <strong><em>Z<\/em><\/strong>uidema, od kojih firma poti\u010de: <strong><em>DWZ.-<\/em><\/strong><\/p>\n<p>Porodica <strong><em>Z<\/em><\/strong>uidema ima trgovinu sena i slame vi\u0161e od 100 godina. Prvobitno uglavnom u holandskim pokrajinama Groningenre i Friesland, ali poslednje generacije su postigle da <strong><em>Z<\/em><\/strong>uidema postane prepoznato ime ne samo \u0161irom Holandije, vec\u0301 i u Nema\u010dkoj, Belgiji, Skandinaviji i drugim zemljama.<\/p>\n<p>Porodica <strong><em>D<\/em><\/strong>e <strong><em>W<\/em><\/strong>eerd se tako\u0111e bavi preradom goveda i mesa vec\u0301 vi\u0161e od jednog veka.<\/p>\n<p>Me\u0111u njima je jedan od \u010dlanova osniva\u010da:<em> Dr<\/em> <em>Robert Kemkers<\/em>, koji je \u010dlan porodice <strong><em>D<\/em><\/strong><em>e <strong>W<\/strong>eerd <\/em>iz mati\u010dne grane. Pravog je holandskog porekla: odrastao je na severoistoku Holandije, nedaleko od Severnog mora, a \u017eivi u okrugu Baranja u Ma\u0111arskoj od 2002.<\/p>\n<p>Kompanija je prvobitno osnovana za trgovinu slamom i senom izme\u0111u Ma\u0111arske i Holandije. Tokom godina, ova aktivnost se tako\u0111e pro\u0161irila i na trgovinu \u017eitom, uglavnom izme\u0111u Ma\u0111arske i Holandije, ali sada i na nekoliko evropskih zemalja.<\/p>\n<p>Od 2014. kompanija se tako\u0111e bavi proizvodima \u201eBio and Eco\u201c. <strong>DWZ Hung\u00e1ria<\/strong>, uvozi i distribuira holandske poljoprivredne proizvode premium kvaliteta u Ma\u0111arskoj pod imenom <strong>DWZ Farmer\u2019s House<\/strong>. Organske granule gnojiva \u017eivine su veoma \u010deste u Holandiji i drugim zapadnoevropskim zemljama. Stoga je <strong>DWZ Hung\u00e1ria<\/strong> pribavila potrebne ma\u0111arske dozvole i tako je od 2016. godine prvi kvalitetni organski stajski gnoj na bazi koko\u0161jeg izmeta dostupan u Ma\u0111arskoj preko kuc\u0301e <strong>DWZ <\/strong>Farmer\u2019s House kao ekskluzivni distributer.<\/p>\n<p>Pored toga, distribuiramo i vrhunsko mleko u prahu proizvedeno u Holandiji.<\/p>\n<p>Posljednjih godina <strong>DWZ<\/strong> Farmer&#8217;s House plasira druge, uglavnom Olmixove i Axereal francuske poljoprivredne proizvode, proizvode za optimizaciju poljoprivrednih kultura i inovativne tehnologije.<\/p>\n<p>Nedavno je na\u0161a kompanija, s obzirom na sve bli\u017ee odnose izme\u0111u EU i Srbije, odlu\u010dila da svoje aktivnosti pro\u0161iri i na Srbiju, tako smo 2020. godine osnovali firmu\u00a0 pod imenom DWZ Impex doo. u Srbiji.<\/p>\n<p>Zato tra\u017eimo proizvo\u0111a\u010de koji \u017eele da svoje \u017eitarice prodaju na evropskim tr\u017ei\u0161tima. Mi u tome poma\u017eemo tzv. integracijom. Proizvo\u0111a\u010dima ratarskih kultura mo\u017ee se nabaviti organsko \u0111ubrivo, folijarno \u0111ubrivo, specijalno seme ili drugi inovativni proizvodi ili drugi proizvodi za ja\u010danje useva ili, na primer, mleko u prahu.<\/p>\n<p>\u010cekamo prijavu ma\u0111arskih i srpskih proizvo\u0111a\u010da, ako su zainteresovani. Drago nam je da savetujemo!<\/p>\n<p>Svima \u017eelimo jo\u0161 bolju proizvodnju i useve<\/p>\n<p>&nbsp;<\/p>\n<p>Dr. Robert Kemkers<\/p>\n<p>Izvr\u0161ni direktor<\/p>\n<p>[\/et_pb_text][\/et_pb_column][et_pb_column type=&#8221;1_2&#8243; _builder_version=&#8221;4.6.5&#8243; background_color=&#8221;#f9f9f9&#8243; background_image=&#8221;http:\/\/dwz.hu\/rs\/wp-content\/uploads\/2020\/09\/szelmalom2.jpg&#8221; background_position=&#8221;top_center&#8221; custom_padding=&#8221;|||&#8221; custom_padding__hover=&#8221;|||&#8221;][\/et_pb_column][\/et_pb_row][\/et_pb_section][et_pb_section fb_built=&#8221;1&#8243; _builder_version=&#8221;3.22&#8243; custom_padding=&#8221;0px||15px|||&#8221;][et_pb_row _builder_version=&#8221;3.25&#8243; custom_padding=&#8221;||10px|&#8221;][et_pb_column type=&#8221;4_4&#8243; _builder_version=&#8221;3.25&#8243; custom_padding=&#8221;|||&#8221; custom_padding__hover=&#8221;|||&#8221;][et_pb_text admin_label=&#8221;Default Header&#8221; module_class=&#8221;default-header&#8221; _builder_version=&#8221;4.6.5&#8243; header_font=&#8221;||||||||&#8221; header_text_color=&#8221;#ffb31a&#8221; module_alignment=&#8221;right&#8221;]<\/p>\n<h1>Commerce<\/h1>\n<p>[\/et_pb_text][\/et_pb_column][\/et_pb_row][et_pb_row column_structure=&#8221;2_5,3_5&#8243; use_custom_gutter=&#8221;on&#8221; _builder_version=&#8221;3.25&#8243; custom_padding=&#8221;||6px|||&#8221;][et_pb_column type=&#8221;2_5&#8243; _builder_version=&#8221;3.25&#8243; custom_padding=&#8221;|||&#8221; custom_padding__hover=&#8221;|||&#8221;][et_pb_text _builder_version=&#8221;4.6.5&#8243;]<\/p>\n<p>DWZ Hung\u00e1ria i DWZ Impex uvozi i izvozi sledec\u0301e poljoprivredne proizvode na me\u0111unarodnim trgovinskim tr\u017ei\u0161tima:<\/p>\n<p style=\"padding-left: 30px;\">Trava sena<\/p>\n<p style=\"padding-left: 30px;\">P\u0161eni\u010dna slama<\/p>\n<p style=\"padding-left: 30px;\">Lucern (slama, peleti)<\/p>\n<p style=\"padding-left: 30px;\">Tritikale<\/p>\n<p style=\"padding-left: 30px;\">P\u0161enica (sto\u010dna hrana, mlin, durum)<\/p>\n<p style=\"padding-left: 30px;\">Je\u010dam (hrana, je\u010dam od piva)<\/p>\n<p style=\"padding-left: 30px;\">Ra\u017e<\/p>\n<p style=\"padding-left: 30px;\">Soja<\/p>\n<p style=\"padding-left: 30px;\">Kukuruz (krmno bilje, jestivo)<\/p>\n<p style=\"padding-left: 30px;\">Kineska \u0161ec\u0301erna trska<\/p>\n<p style=\"padding-left: 30px;\">Seme bundeve<\/p>\n<p style=\"padding-left: 30px;\">Heljda<\/p>\n<p style=\"padding-left: 30px;\">Pir<\/p>\n<p>Gore navedeni proizvodi su i tradicionalni i organski, eko certificirani (Biokontroll, SKAL).<\/p>\n<p>[\/et_pb_text][\/et_pb_column][et_pb_column type=&#8221;3_5&#8243; _builder_version=&#8221;3.25&#8243; custom_padding=&#8221;|||&#8221; custom_padding__hover=&#8221;|||&#8221;][et_pb_image src=&#8221;http:\/\/dwz.hu\/rs\/wp-content\/uploads\/2020\/09\/term_axereal.jpg&#8221; alt=&#8221;Axeral&#8221; title_text=&#8221;term_axereal&#8221; _builder_version=&#8221;4.6.5&#8243; _module_preset=&#8221;default&#8221;][\/et_pb_image][\/et_pb_column][\/et_pb_row][\/et_pb_section][et_pb_section fb_built=&#8221;1&#8243; admin_label=&#8221;Contact Info&#8221; _builder_version=&#8221;4.6.5&#8243; background_color=&#8221;#297FCA&#8221; background_image=&#8221;http:\/\/dwz.hu\/rs\/wp-content\/uploads\/2020\/09\/egg-farm5-25.jpg&#8221; custom_padding=&#8221;0px||143px||false|false&#8221; box_shadow_style=&#8221;preset7&#8243; box_shadow_horizontal=&#8221;0px&#8221; box_shadow_vertical=&#8221;100px&#8221; box_shadow_color=&#8221;#ffffff&#8221; global_module=&#8221;34&#8243;][et_pb_row column_structure=&#8221;1_2,1_2&#8243; padding_top_bottom_link_1=&#8221;true&#8221; padding_left_right_link_1=&#8221;true&#8221; _builder_version=&#8221;4.6.3&#8243; custom_padding=&#8221;0px||0px||true&#8221; animation_direction=&#8221;left&#8221; border_radii=&#8221;|10px|||10px&#8221;][et_pb_column type=&#8221;1_2&#8243; _builder_version=&#8221;4.6.3&#8243; background_color=&#8221;#01804a&#8221; background_color_gradient_direction=&#8221;190deg&#8221; custom_padding=&#8221;80px|80px|80px|80px&#8221; custom_padding_tablet=&#8221;|10%||10%||true&#8221; custom_padding_phone=&#8221;&#8221; custom_padding_last_edited=&#8221;on|tablet&#8221; custom_padding__hover=&#8221;|||&#8221;][et_pb_blurb title=&#8221;Na\u0161a adresa&#8221; image=&#8221;http:\/\/dwz.hu\/rs\/wp-content\/uploads\/2020\/09\/egg-farm3-1.png&#8221; icon_placement=&#8221;left&#8221; _builder_version=&#8221;4.6.5&#8243; header_font=&#8221;Poppins|700|||||||&#8221; header_font_size=&#8221;20px&#8221; header_line_height=&#8221;1.2em&#8221; body_font=&#8221;Muli||||||||&#8221; body_font_size=&#8221;16px&#8221; body_line_height=&#8221;1.8em&#8221; background_layout=&#8221;dark&#8221; animation_direction=&#8221;left&#8221;]<\/p>\n<p><strong>DWZ Hungaria Kft.<\/strong><br \/> H-7831 Pell\u00e9rd, Szabads\u00e1g utca 44.<br \/> Ma\u0111arska<\/p>\n<p><strong>DWZ Impex Doo<\/strong><br \/> Ko\u0161ut Lajo\u0161a \/ Kossuth Lajos u. 45<br \/> SRB-25262 Kupusina (Kupuszina)<br \/> Srbija<\/p>\n<p>&nbsp;<\/p>\n<p>[\/et_pb_blurb][et_pb_blurb title=&#8221;Telefon&#8221; image=&#8221;http:\/\/dwz.hu\/rs\/wp-content\/uploads\/2020\/09\/egg-farm3-2.png&#8221; icon_placement=&#8221;left&#8221; _builder_version=&#8221;4.6.5&#8243; header_font=&#8221;Poppins|700|||||||&#8221; header_font_size=&#8221;20px&#8221; header_line_height=&#8221;1.2em&#8221; body_font=&#8221;Muli||||||||&#8221; body_font_size=&#8221;16px&#8221; body_line_height=&#8221;1.8em&#8221; background_layout=&#8221;dark&#8221; custom_padding=&#8221;15px|||&#8221; animation_direction=&#8221;left&#8221;]<\/p>\n<div class=\"et_pb_blurb_description\">\n<div class=\"et_pb_blurb_description\">\n<p><strong>Generalni direktor:<\/strong><br \/> Dr Kemkers Robert +36 30 2323 792<\/p>\n<p><span style=\"color: #999999;\"><strong>Regionalni predstavnik:<\/strong><\/span><\/p>\n<\/div>\n<p><strong>HOLANDIJA:<\/strong><br \/> Zuidema Jan-Piet +31 6 5066 1378<\/p>\n<p><strong>SRBIJA:<\/strong><br \/> Siplika Julianna +381 69 231 8305<\/p>\n<\/div>\n<p>[\/et_pb_blurb][et_pb_blurb title=&#8221;Email&#8221; image=&#8221;http:\/\/dwz.hu\/rs\/wp-content\/uploads\/2020\/09\/egg-farm3-3.png&#8221; icon_placement=&#8221;left&#8221; _builder_version=&#8221;4.6.5&#8243; header_font=&#8221;Poppins|700|||||||&#8221; header_font_size=&#8221;20px&#8221; header_line_height=&#8221;1.2em&#8221; body_font=&#8221;Muli||||||||&#8221; body_font_size=&#8221;16px&#8221; body_line_height=&#8221;1.8em&#8221; background_layout=&#8221;dark&#8221; custom_padding=&#8221;15px|||&#8221; animation_direction=&#8221;left&#8221;]<\/p>\n<p>info@dwz.hu<\/p>\n<p>[\/et_pb_blurb][\/et_pb_column][et_pb_column type=&#8221;1_2&#8243; _builder_version=&#8221;3.25&#8243; custom_padding=&#8221;|||&#8221; custom_padding_tablet=&#8221;0px|||&#8221; custom_padding_phone=&#8221;&#8221; custom_padding_last_edited=&#8221;on|desktop&#8221; custom_padding__hover=&#8221;|||&#8221;][\/et_pb_column][\/et_pb_row][\/et_pb_section]<\/p>\n","protected":false},"excerpt":{"rendered":"<p>[et_pb_section fb_built=&#8221;1&#8243; custom_padding_last_edited=&#8221;on|phone&#8221; admin_label=&#8221;Section &#8211; About header&#8221; _builder_version=&#8221;4.6.5&#8243; background_color=&#8221;#dedede&#8221; background_image=&#8221;http:\/\/dwz.hu\/rs\/wp-content\/uploads\/2020\/09\/hatter.jpg&#8221; parallax=&#8221;on&#8221; parallax_method=&#8221;off&#8221; custom_padding=&#8221;7px||173px||false|false&#8221; custom_padding_tablet=&#8221;100px||100px|&#8221; custom_padding_phone=&#8221;75px||75px|&#8221;][et_pb_row _builder_version=&#8221;3.25&#8243; background_size=&#8221;initial&#8221; background_position=&#8221;top_left&#8221; background_repeat=&#8221;repeat&#8221;][et_pb_column type=&#8221;4_4&#8243; _builder_version=&#8221;3.25&#8243; custom_padding=&#8221;|||&#8221; custom_padding__hover=&#8221;|||&#8221;][et_pb_text admin_label=&#8221;About Page Top Header &#8211; Text&#8221; _builder_version=&#8221;4.6.5&#8243; text_font=&#8221;|300|||||||&#8221; text_font_size=&#8221;20px&#8221; header_font=&#8221;|700||on|||||&#8221; header_text_color=&#8221;#ffb31a&#8221; header_font_size=&#8221;60px&#8221; text_orientation=&#8221;center&#8221; module_alignment=&#8221;center&#8221; text_font_size_tablet=&#8221;19px&#8221; text_font_size_phone=&#8221;17px&#8221; text_font_size_last_edited=&#8221;on|phone&#8221; header_font_size_tablet=&#8221;50px&#8221; header_font_size_phone=&#8221;35px&#8221; header_font_size_last_edited=&#8221;on|tablet&#8221;] UVOD DWZ Hung\u00e1ria kft. [\/et_pb_text][\/et_pb_column][\/et_pb_row][\/et_pb_section][et_pb_section fb_built=&#8221;1&#8243; custom_padding_last_edited=&#8221;on|desktop&#8221; admin_label=&#8221;Section &#8211; About content&#8221; _builder_version=&#8221;3.22&#8243; [&hellip;]<\/p>\n","protected":false},"author":1,"featured_media":0,"parent":0,"menu_order":0,"comment_status":"closed","ping_status":"closed","template":"","meta":{"_et_pb_use_builder":"on","_et_pb_old_content":"","_et_gb_content_width":""},"yoast_head":"<!-- This site is optimized with the Yoast SEO plugin v15.1.1 - https:\/\/yoast.com\/wordpress\/plugins\/seo\/ -->\n<title>Uvod - DWZ Hung\u00e1ria \/ Serbia<\/title>\n<meta name=\"robots\" content=\"index, follow, max-snippet:-1, max-image-preview:large, max-video-preview:-1\" \/>\n<link rel=\"canonical\" href=\"http:\/\/dwz.hu\/rs\/uvod\/\" \/>\n<meta property=\"og:locale\" content=\"hu_HU\" \/>\n<meta property=\"og:type\" content=\"article\" \/>\n<meta property=\"og:title\" content=\"Uvod - DWZ Hung\u00e1ria \/ Serbia\" \/>\n<meta property=\"og:description\" content=\"[et_pb_section fb_built=&#8221;1&#8243; custom_padding_last_edited=&#8221;on|phone&#8221; admin_label=&#8221;Section &#8211; About header&#8221; _builder_version=&#8221;4.6.5&#8243; background_color=&#8221;#dedede&#8221; background_image=&#8221;http:\/\/dwz.hu\/rs\/wp-content\/uploads\/2020\/09\/hatter.jpg&#8221; parallax=&#8221;on&#8221; parallax_method=&#8221;off&#8221; custom_padding=&#8221;7px||173px||false|false&#8221; custom_padding_tablet=&#8221;100px||100px|&#8221; custom_padding_phone=&#8221;75px||75px|&#8221;][et_pb_row _builder_version=&#8221;3.25&#8243; background_size=&#8221;initial&#8221; background_position=&#8221;top_left&#8221; background_repeat=&#8221;repeat&#8221;][et_pb_column type=&#8221;4_4&#8243; _builder_version=&#8221;3.25&#8243; custom_padding=&#8221;|||&#8221; custom_padding__hover=&#8221;|||&#8221;][et_pb_text admin_label=&#8221;About Page Top Header &#8211; Text&#8221; _builder_version=&#8221;4.6.5&#8243; text_font=&#8221;|300|||||||&#8221; text_font_size=&#8221;20px&#8221; header_font=&#8221;|700||on|||||&#8221; header_text_color=&#8221;#ffb31a&#8221; header_font_size=&#8221;60px&#8221; text_orientation=&#8221;center&#8221; module_alignment=&#8221;center&#8221; text_font_size_tablet=&#8221;19px&#8221; text_font_size_phone=&#8221;17px&#8221; text_font_size_last_edited=&#8221;on|phone&#8221; header_font_size_tablet=&#8221;50px&#8221; header_font_size_phone=&#8221;35px&#8221; header_font_size_last_edited=&#8221;on|tablet&#8221;] UVOD DWZ Hung\u00e1ria kft. [\/et_pb_text][\/et_pb_column][\/et_pb_row][\/et_pb_section][et_pb_section fb_built=&#8221;1&#8243; custom_padding_last_edited=&#8221;on|desktop&#8221; admin_label=&#8221;Section &#8211; About content&#8221; _builder_version=&#8221;3.22&#8243; [&hellip;]\" \/>\n<meta property=\"og:url\" content=\"http:\/\/dwz.hu\/rs\/uvod\/\" \/>\n<meta property=\"og:site_name\" content=\"DWZ Hung\u00e1ria \/ Serbia\" \/>\n<meta property=\"article:modified_time\" content=\"2020-10-27T03:55:44+00:00\" \/>\n<meta name=\"twitter:card\" content=\"summary_large_image\" \/>\n<script type=\"application\/ld+json\" class=\"yoast-schema-graph\">{\"@context\":\"https:\/\/schema.org\",\"@graph\":[{\"@type\":\"WebSite\",\"@id\":\"http:\/\/dwz.hu\/rs\/#website\",\"url\":\"http:\/\/dwz.hu\/rs\/\",\"name\":\"DWZ Hung\\u00e1ria \/ Serbia\",\"description\":\"Vet\\u0151mag \\u00e9s gabonakereskedelem, Baromfi szervestr\\u00e1gya, Olmix, Axeral, Borj\\u00fatejpor kereskedelem\",\"potentialAction\":[{\"@type\":\"SearchAction\",\"target\":\"http:\/\/dwz.hu\/rs\/?s={search_term_string}\",\"query-input\":\"required name=search_term_string\"}],\"inLanguage\":\"hu\"},{\"@type\":\"WebPage\",\"@id\":\"http:\/\/dwz.hu\/rs\/uvod\/#webpage\",\"url\":\"http:\/\/dwz.hu\/rs\/uvod\/\",\"name\":\"Uvod - DWZ Hung\\u00e1ria \/ Serbia\",\"isPartOf\":{\"@id\":\"http:\/\/dwz.hu\/rs\/#website\"},\"datePublished\":\"2019-03-23T13:44:46+00:00\",\"dateModified\":\"2020-10-27T03:55:44+00:00\",\"inLanguage\":\"hu\",\"potentialAction\":[{\"@type\":\"ReadAction\",\"target\":[\"http:\/\/dwz.hu\/rs\/uvod\/\"]}]}]}<\/script>\n<!-- \/ Yoast SEO plugin. -->","_links":{"self":[{"href":"http:\/\/dwz.hu\/rs\/wp-json\/wp\/v2\/pages\/36"}],"collection":[{"href":"http:\/\/dwz.hu\/rs\/wp-json\/wp\/v2\/pages"}],"about":[{"href":"http:\/\/dwz.hu\/rs\/wp-json\/wp\/v2\/types\/page"}],"author":[{"embeddable":true,"href":"http:\/\/dwz.hu\/rs\/wp-json\/wp\/v2\/users\/1"}],"replies":[{"embeddable":true,"href":"http:\/\/dwz.hu\/rs\/wp-json\/wp\/v2\/comments?post=36"}],"version-history":[{"count":16,"href":"http:\/\/dwz.hu\/rs\/wp-json\/wp\/v2\/pages\/36\/revisions"}],"predecessor-version":[{"id":445,"href":"http:\/\/dwz.hu\/rs\/wp-json\/wp\/v2\/pages\/36\/revisions\/445"}],"wp:attachment":[{"href":"http:\/\/dwz.hu\/rs\/wp-json\/wp\/v2\/media?parent=36"}],"curies":[{"name":"wp","href":"https:\/\/api.w.org\/{rel}","templated":true}]}}