{"id":38,"date":"2019-03-23T13:44:46","date_gmt":"2019-03-23T13:44:46","guid":{"rendered":"https:\/\/demo.hellowp.io\/1\/?page_id=23"},"modified":"2020-10-16T03:34:56","modified_gmt":"2020-10-16T03:34:56","slug":"integracija","status":"publish","type":"page","link":"http:\/\/dwz.hu\/rs\/integracija\/","title":{"rendered":"Integracija"},"content":{"rendered":"<p>[et_pb_section fb_built=&#8221;1&#8243; custom_padding_last_edited=&#8221;on|phone&#8221; admin_label=&#8221;Section &#8211; About header&#8221; _builder_version=&#8221;4.6.5&#8243; background_color=&#8221;#dedede&#8221; background_image=&#8221;http:\/\/dwz.hu\/rs\/wp-content\/uploads\/2020\/09\/hatter.jpg&#8221; parallax=&#8221;on&#8221; parallax_method=&#8221;off&#8221; custom_padding=&#8221;7px||81px||false|false&#8221; custom_padding_tablet=&#8221;100px||100px|&#8221; custom_padding_phone=&#8221;75px||75px|&#8221;][et_pb_row column_structure=&#8221;3_5,2_5&#8243; _builder_version=&#8221;3.25&#8243; background_size=&#8221;initial&#8221; background_position=&#8221;top_left&#8221; background_repeat=&#8221;repeat&#8221;][et_pb_column type=&#8221;3_5&#8243; _builder_version=&#8221;3.25&#8243; custom_padding=&#8221;|||&#8221; custom_padding__hover=&#8221;|||&#8221;][et_pb_text admin_label=&#8221;About Page Top Header &#8211; Text&#8221; _builder_version=&#8221;4.6.5&#8243; text_font=&#8221;|300|||||||&#8221; text_font_size=&#8221;20px&#8221; header_font=&#8221;|700||on|||||&#8221; header_text_color=&#8221;#ffb31a&#8221; header_font_size=&#8221;60px&#8221; text_orientation=&#8221;center&#8221; module_alignment=&#8221;center&#8221; hover_enabled=&#8221;0&#8243; text_font_size_tablet=&#8221;19px&#8221; text_font_size_phone=&#8221;17px&#8221; text_font_size_last_edited=&#8221;on|phone&#8221; header_font_size_tablet=&#8221;50px&#8221; header_font_size_phone=&#8221;35px&#8221; header_font_size_last_edited=&#8221;on|tablet&#8221; sticky_enabled=&#8221;0&#8243;]<\/p>\n<h1>Integracija<\/h1>\n<p>Trgovina semenima i \u017eitaricama<\/p>\n<p>DWZ Hung\u00e1ria bavi se semenom i \u017eitom, a tako\u0111e nudi ulazne materijale za prodaju, \u0161to se vr\u0161i u partnerstvu sa francuskom multinacionalnom kompanijom <strong>Axereal<\/strong>.<\/p>\n<p>[\/et_pb_text][\/et_pb_column][et_pb_column type=&#8221;2_5&#8243; _builder_version=&#8221;3.25&#8243; custom_padding=&#8221;|||&#8221; custom_padding__hover=&#8221;|||&#8221;][et_pb_image src=&#8221;http:\/\/dwz.hu\/rs\/wp-content\/uploads\/2020\/09\/integracio.jpg&#8221; alt=&#8221;integr\u00e1ci\u00f3&#8221; title_text=&#8221;integracio&#8221; _builder_version=&#8221;4.6.5&#8243; _module_preset=&#8221;default&#8221;][\/et_pb_image][\/et_pb_column][\/et_pb_row][\/et_pb_section][et_pb_section fb_built=&#8221;1&#8243; custom_padding_last_edited=&#8221;on|desktop&#8221; admin_label=&#8221;Section &#8211; About content&#8221; _builder_version=&#8221;3.22&#8243; custom_padding=&#8221;0px||10px|&#8221; custom_padding_tablet=&#8221;50px|||&#8221; custom_padding_phone=&#8221;&#8221;][et_pb_row use_custom_gutter=&#8221;on&#8221; gutter_width=&#8221;1&#8243; make_equal=&#8221;on&#8221; module_class=&#8221;about-page-content&#8221; _builder_version=&#8221;4.6.3&#8243; custom_margin_tablet=&#8221;&#8221; custom_margin_phone=&#8221;&#8221; custom_margin_last_edited=&#8221;on|desktop&#8221; custom_padding=&#8221;0px|||&#8221;][et_pb_column type=&#8221;4_4&#8243; _builder_version=&#8221;3.25&#8243; background_color=&#8221;#ffffff&#8221; custom_padding=&#8221;75px|50px|30px|50px&#8221; custom_padding_tablet=&#8221;30px|0px|0px|0px&#8221; custom_padding_phone=&#8221;&#8221; custom_padding_last_edited=&#8221;on|desktop&#8221; custom_padding__hover=&#8221;|||&#8221;][et_pb_text _builder_version=&#8221;4.6.5&#8243;]<\/p>\n<p>DWZ Hung\u00e1ria bavi se semenom i \u017eitom, a tako\u0111e nudi ulazne materijale za prodaju, \u0161to se vr\u0161i u partnerstvu sa francuskom multinacionalnom kompanijom <strong>Axereal<\/strong>.<\/p>\n<p>Pored toga, DWZ Hung\u00e1ria usredsre\u0111ena je na <strong>integraciju <\/strong>proizvodnje: poljoprivrednicima pru\u017ea ne samo materijal potreban za proizvodnju, vec\u0301 i \u0161irok spektar usluga i agronomskih saveta. Pored semena, nudimo organsko \u0111ubrivo, folijarno \u0111ubrivo, prskanje i proizvode od useva, kao i druge materijale potrebne za dobru proizvodnju. Sa na\u0161om poslovnicom se \u010dak bavimo i <strong>otkupom<\/strong> useva.<\/p>\n<p>DWZ Hung\u00e1ria ponosan je \u0161to je njegov <strong>partner za integraciju<\/strong> Axereal Hungari Kft., pa mo\u017eemo ponuditi mnogo \u0161iri spektar proizvoda, a \u017eitarice i druge useve mo\u017eemo prodati na mnogo vec\u0301im tr\u017ei\u0161tima. To DWZ-u i Axereal-u pru\u017ea moguc\u0301nost nabavljanja semena i druge inpute. Po izboru, integracija se mo\u017ee postic\u0301i DWZ i Axereal obezbe\u0111ivanjem celog ili dela ulaznog materijala i otkupom zrna proizvedenog po unapred dogovorenoj ceni. Odnosno, poljoprivrednici samo moraju dati zemlju. Sa ovom potpunom integracijom, i izvor i prodaja odvijaju se uz pouzdanog, ekonomski vrlo stabilnog me\u0111unarodnog partnera. Naravno, puna integracija nije potrebna! Poljoprivrednik ne mora da dobije seme i druge inpute od kompanije Axereal, \u010dak mo\u017ee biti i odnekud; ako je kvalitet useva dobar, mo\u017eemo biti i kupci, samo ne po unapred zagarantovanoj ceni. Moguc\u0301e je i obrnuto: poljoprivrednik mo\u017ee dobiti potrebne materijale od nas, ali jo\u0161 uvek mu je dozvoljeno da zrno proda nekome drugom.<\/p>\n<p>Pored toga, mo\u017eemo pru\u017eiti precizno re\u0161enje za aplikaciju azota zasnovano na satelitskim snimcima <strong>SkyFerta<\/strong>. Ova tehnologija uklju\u010duje satelitske snimke za odre\u0111ivanje zelene mase kraja zime kao i Airbus algoritamski sistem za procenu slika. Primena ove tehnologije omoguc\u0301ava ponovno izra\u010dunavanje ukupne koli\u010dine azota koje je poljoprivrednik unapred izra\u010dunao, prilago\u0111avajuc\u0301i se trenutnom stanju biljke i tla.<\/p>\n<p><strong>Axereal Hungary Kft<\/strong> je lider na tr\u017ei\u0161tu proizvodnje piva od je\u010dma u Ma\u0111arskoj. Njeni partneri su <strong>Isterra Kft.,<\/strong> sestrinska kompanija koja se bavi regionalnom proizvodnjom semena kao \u010dlan grupe Axereal, i fabrika slada,<strong> Boortmalt Kft<\/strong>., koja tako\u0111e pripada grupi Axereal. Glavni stub ove kompanije je proizvodnja slada, u sektoru pivskog je\u010dma i slada, grupa je i me\u0111unarodni igra\u010d putem svoje podru\u017enice Boortmalt.<\/p>\n<p>Ponuda <strong>semenki<\/strong> DWZ i Axereal obuhvata ne samo sorte je\u010dma, vec\u0301 i kvalitetnu p\u0161enicu kao i vo\u0161tane semenke kukuruza i soje. Pored <strong>vlastitog semena Axereal<\/strong>, seme <strong>Isterra<\/strong>, kao i semenke kukuruza <strong>Dekalb<\/strong> i <strong>Pioneer<\/strong>, mogu se naru\u010diti i preko DWZ Ma\u0111arske.<\/p>\n<p><strong><em>Kliknite na na\u0161u trenutnu ponudu semena:<\/em><\/strong><\/p>\n<table>\n<tbody>\n<tr>\n<td width=\"113\"><span style=\"color: #000000;\"><strong><em>Sorte<\/em><\/strong><\/span><\/td>\n<td colspan=\"4\" width=\"519\"><span style=\"color: #000000;\"><strong><em>Semenskih kultura (i brend)<\/em><\/strong><\/span><\/td>\n<\/tr>\n<tr>\n<td width=\"113\"><strong>Jesenja hrana je\u010dam<\/strong><\/td>\n<td width=\"161\">Pixel (Axereal)<\/td>\n<td width=\"123\">Multi (Isterra)<\/td>\n<td width=\"123\"><\/td>\n<td width=\"113\"><\/td>\n<\/tr>\n<tr>\n<td width=\"113\"><strong>Jesenji pivski je\u010dam <\/strong><\/td>\n<td width=\"161\">Monroe (Axereal)<\/td>\n<td width=\"123\">Casanova (Isterra)<\/td>\n<td width=\"123\">Calypso (Isterra)<\/td>\n<td width=\"113\">SY Tepee (Isterra)<\/td>\n<\/tr>\n<tr>\n<td width=\"113\"><strong>Prole\u0107ni je\u010dam <\/strong><\/td>\n<td width=\"161\">Laureate (Axereal)<\/td>\n<td width=\"123\">Concerto (Isterra)<\/td>\n<td width=\"123\">Traveler (Isterra)<\/td>\n<td width=\"113\">Planet (Isterra)<\/td>\n<\/tr>\n<tr>\n<td width=\"113\"><strong>Zimska p\u0161enica <\/strong><\/td>\n<td width=\"161\">RGT Sacramento (Axereal)<\/td>\n<td width=\"123\">Mutic (Axereal)<\/td>\n<td width=\"123\">Euclide (Isterra)<\/td>\n<td width=\"113\">Basilio (Isterra)<\/td>\n<\/tr>\n<tr>\n<td width=\"113\"><strong>Korektivna p\u0161enica<\/strong><\/td>\n<td width=\"161\">Alicantus (Axereal)<\/td>\n<td width=\"123\"><\/td>\n<td width=\"123\"><\/td>\n<td width=\"113\"><\/td>\n<\/tr>\n<tr>\n<td width=\"113\"><strong>J\u00e1r\u00f3 durum b\u00faza<\/strong><\/td>\n<td width=\"161\">Pescadou (Isterra)<\/td>\n<td width=\"123\"><\/td>\n<td width=\"123\"><\/td>\n<td width=\"113\"><\/td>\n<\/tr>\n<tr>\n<td width=\"113\"><strong>Jesenja durum p\u0161enica<\/strong><\/td>\n<td width=\"161\">Diadur (Axereal)<\/td>\n<td width=\"123\">Toscadou (Isterra)<\/td>\n<td width=\"123\"><\/td>\n<td width=\"113\"><\/td>\n<\/tr>\n<tr>\n<td width=\"113\"><strong>Jesenja tritikale<\/strong><\/td>\n<td width=\"161\">Trisem (Isterra)<\/td>\n<td width=\"123\"><\/td>\n<td width=\"123\"><\/td>\n<td width=\"113\"><\/td>\n<\/tr>\n<tr>\n<td width=\"113\"><strong>Cirok<\/strong><\/td>\n<td width=\"161\">Balto CS (Axereal)<\/td>\n<td width=\"123\">ES Alize (Axereal)<\/td>\n<td width=\"123\">Albanus (Axereal)<\/td>\n<td width=\"113\"><\/td>\n<\/tr>\n<tr>\n<td width=\"113\"><strong>Kukuruz<\/strong><\/td>\n<td width=\"161\">DKC4590 (Decalb)<\/td>\n<td width=\"123\"><\/td>\n<td width=\"123\"><\/td>\n<td width=\"113\"><\/td>\n<\/tr>\n<tr>\n<td width=\"113\"><strong>Vo\u0161tani kukuruz\u00a0 je\u010dam<\/strong><\/td>\n<td width=\"161\">P9718E (Pioneer)<\/td>\n<td width=\"123\">PR37F80 (Pioneer)<\/td>\n<td width=\"123\">PR38A75 (Pioneer)<\/td>\n<td width=\"113\"><\/td>\n<\/tr>\n<tr>\n<td width=\"113\"><strong>Soja<\/strong><\/td>\n<td width=\"161\">Shama (Axereal)<\/td>\n<td width=\"123\">Avril (Axereal)<\/td>\n<td width=\"123\"><\/td>\n<td width=\"113\"><\/td>\n<\/tr>\n<\/tbody>\n<\/table>\n<blockquote><\/blockquote>\n<p>&nbsp;<\/p>\n<p>[\/et_pb_text][\/et_pb_column][\/et_pb_row][\/et_pb_section][et_pb_section fb_built=&#8221;1&#8243; admin_label=&#8221;Contact Info&#8221; _builder_version=&#8221;4.6.5&#8243; background_color=&#8221;#297FCA&#8221; background_image=&#8221;http:\/\/dwz.hu\/rs\/wp-content\/uploads\/2020\/09\/egg-farm5-25.jpg&#8221; custom_padding=&#8221;0px||143px||false|false&#8221; box_shadow_style=&#8221;preset7&#8243; box_shadow_horizontal=&#8221;0px&#8221; box_shadow_vertical=&#8221;100px&#8221; box_shadow_color=&#8221;#ffffff&#8221; global_module=&#8221;34&#8243;][et_pb_row column_structure=&#8221;1_2,1_2&#8243; padding_top_bottom_link_1=&#8221;true&#8221; padding_left_right_link_1=&#8221;true&#8221; _builder_version=&#8221;4.6.3&#8243; custom_padding=&#8221;0px||0px||true&#8221; animation_direction=&#8221;left&#8221; border_radii=&#8221;|10px|||10px&#8221;][et_pb_column type=&#8221;1_2&#8243; _builder_version=&#8221;4.6.3&#8243; background_color=&#8221;#01804a&#8221; background_color_gradient_direction=&#8221;190deg&#8221; custom_padding=&#8221;80px|80px|80px|80px&#8221; custom_padding_tablet=&#8221;|10%||10%||true&#8221; custom_padding_phone=&#8221;&#8221; custom_padding_last_edited=&#8221;on|tablet&#8221; custom_padding__hover=&#8221;|||&#8221;][et_pb_blurb title=&#8221;Na\u0161a adresa&#8221; image=&#8221;http:\/\/dwz.hu\/rs\/wp-content\/uploads\/2020\/09\/egg-farm3-1.png&#8221; icon_placement=&#8221;left&#8221; _builder_version=&#8221;4.6.5&#8243; header_font=&#8221;Poppins|700|||||||&#8221; header_font_size=&#8221;20px&#8221; header_line_height=&#8221;1.2em&#8221; body_font=&#8221;Muli||||||||&#8221; body_font_size=&#8221;16px&#8221; body_line_height=&#8221;1.8em&#8221; background_layout=&#8221;dark&#8221; animation_direction=&#8221;left&#8221;]<\/p>\n<p><strong>DWZ Hungaria Kft.<\/strong><br \/> H-7831 Pell\u00e9rd, Szabads\u00e1g utca 44.<br \/> Ma\u0111arska<\/p>\n<p><strong>DWZ Impex Doo<\/strong><br \/> Ko\u0161ut Lajo\u0161a \/ Kossuth Lajos u. 45<br \/> SRB-25262 Kupusina (Kupuszina)<br \/> Srbija<\/p>\n<p>&nbsp;<\/p>\n<p>[\/et_pb_blurb][et_pb_blurb title=&#8221;Telefon&#8221; image=&#8221;http:\/\/dwz.hu\/rs\/wp-content\/uploads\/2020\/09\/egg-farm3-2.png&#8221; icon_placement=&#8221;left&#8221; _builder_version=&#8221;4.6.5&#8243; header_font=&#8221;Poppins|700|||||||&#8221; header_font_size=&#8221;20px&#8221; header_line_height=&#8221;1.2em&#8221; body_font=&#8221;Muli||||||||&#8221; body_font_size=&#8221;16px&#8221; body_line_height=&#8221;1.8em&#8221; background_layout=&#8221;dark&#8221; custom_padding=&#8221;15px|||&#8221; animation_direction=&#8221;left&#8221;]<\/p>\n<div class=\"et_pb_blurb_description\">\n<div class=\"et_pb_blurb_description\">\n<p><strong>Generalni direktor:<\/strong><br \/> Dr Kemkers Robert +36 30 2323 792<\/p>\n<p><span style=\"color: #999999;\"><strong>Regionalni predstavnik:<\/strong><\/span><\/p>\n<\/div>\n<p><strong>HOLANDIJA:<\/strong><br \/> Zuidema Jan-Piet +31 6 5066 1378<\/p>\n<p><strong>SRBIJA:<\/strong><br \/> Siplika Julianna +381 69 231 8305<\/p>\n<\/div>\n<p>[\/et_pb_blurb][et_pb_blurb title=&#8221;Email&#8221; image=&#8221;http:\/\/dwz.hu\/rs\/wp-content\/uploads\/2020\/09\/egg-farm3-3.png&#8221; icon_placement=&#8221;left&#8221; _builder_version=&#8221;4.6.5&#8243; header_font=&#8221;Poppins|700|||||||&#8221; header_font_size=&#8221;20px&#8221; header_line_height=&#8221;1.2em&#8221; body_font=&#8221;Muli||||||||&#8221; body_font_size=&#8221;16px&#8221; body_line_height=&#8221;1.8em&#8221; background_layout=&#8221;dark&#8221; custom_padding=&#8221;15px|||&#8221; animation_direction=&#8221;left&#8221;]<\/p>\n<p>info@dwz.hu<\/p>\n<p>[\/et_pb_blurb][\/et_pb_column][et_pb_column type=&#8221;1_2&#8243; _builder_version=&#8221;3.25&#8243; custom_padding=&#8221;|||&#8221; custom_padding_tablet=&#8221;0px|||&#8221; custom_padding_phone=&#8221;&#8221; custom_padding_last_edited=&#8221;on|desktop&#8221; custom_padding__hover=&#8221;|||&#8221;][\/et_pb_column][\/et_pb_row][\/et_pb_section]<\/p>\n","protected":false},"excerpt":{"rendered":"<p>[et_pb_section fb_built=&#8221;1&#8243; custom_padding_last_edited=&#8221;on|phone&#8221; admin_label=&#8221;Section &#8211; About header&#8221; _builder_version=&#8221;4.6.5&#8243; background_color=&#8221;#dedede&#8221; background_image=&#8221;http:\/\/dwz.hu\/rs\/wp-content\/uploads\/2020\/09\/hatter.jpg&#8221; parallax=&#8221;on&#8221; parallax_method=&#8221;off&#8221; custom_padding=&#8221;7px||81px||false|false&#8221; custom_padding_tablet=&#8221;100px||100px|&#8221; custom_padding_phone=&#8221;75px||75px|&#8221;][et_pb_row column_structure=&#8221;3_5,2_5&#8243; _builder_version=&#8221;3.25&#8243; background_size=&#8221;initial&#8221; background_position=&#8221;top_left&#8221; background_repeat=&#8221;repeat&#8221;][et_pb_column type=&#8221;3_5&#8243; _builder_version=&#8221;3.25&#8243; custom_padding=&#8221;|||&#8221; custom_padding__hover=&#8221;|||&#8221;][et_pb_text admin_label=&#8221;About Page Top Header &#8211; Text&#8221; _builder_version=&#8221;4.6.5&#8243; text_font=&#8221;|300|||||||&#8221; text_font_size=&#8221;20px&#8221; header_font=&#8221;|700||on|||||&#8221; header_text_color=&#8221;#ffb31a&#8221; header_font_size=&#8221;60px&#8221; text_orientation=&#8221;center&#8221; module_alignment=&#8221;center&#8221; hover_enabled=&#8221;0&#8243; text_font_size_tablet=&#8221;19px&#8221; text_font_size_phone=&#8221;17px&#8221; text_font_size_last_edited=&#8221;on|phone&#8221; header_font_size_tablet=&#8221;50px&#8221; header_font_size_phone=&#8221;35px&#8221; header_font_size_last_edited=&#8221;on|tablet&#8221; sticky_enabled=&#8221;0&#8243;] Integracija Trgovina semenima i \u017eitaricama DWZ Hung\u00e1ria bavi se [&hellip;]<\/p>\n","protected":false},"author":1,"featured_media":0,"parent":0,"menu_order":0,"comment_status":"closed","ping_status":"closed","template":"","meta":{"_et_pb_use_builder":"on","_et_pb_old_content":"","_et_gb_content_width":""},"yoast_head":"<!-- This site is optimized with the Yoast SEO plugin v15.1.1 - https:\/\/yoast.com\/wordpress\/plugins\/seo\/ -->\n<title>Integracija - DWZ Hung\u00e1ria \/ Serbia<\/title>\n<meta name=\"robots\" content=\"index, follow, max-snippet:-1, max-image-preview:large, max-video-preview:-1\" \/>\n<link rel=\"canonical\" href=\"http:\/\/dwz.hu\/rs\/integracija\/\" \/>\n<meta property=\"og:locale\" content=\"hu_HU\" \/>\n<meta property=\"og:type\" content=\"article\" \/>\n<meta property=\"og:title\" content=\"Integracija - DWZ Hung\u00e1ria \/ Serbia\" \/>\n<meta property=\"og:description\" content=\"[et_pb_section fb_built=&#8221;1&#8243; custom_padding_last_edited=&#8221;on|phone&#8221; admin_label=&#8221;Section &#8211; About header&#8221; _builder_version=&#8221;4.6.5&#8243; background_color=&#8221;#dedede&#8221; background_image=&#8221;http:\/\/dwz.hu\/rs\/wp-content\/uploads\/2020\/09\/hatter.jpg&#8221; parallax=&#8221;on&#8221; parallax_method=&#8221;off&#8221; custom_padding=&#8221;7px||81px||false|false&#8221; custom_padding_tablet=&#8221;100px||100px|&#8221; custom_padding_phone=&#8221;75px||75px|&#8221;][et_pb_row column_structure=&#8221;3_5,2_5&#8243; _builder_version=&#8221;3.25&#8243; background_size=&#8221;initial&#8221; background_position=&#8221;top_left&#8221; background_repeat=&#8221;repeat&#8221;][et_pb_column type=&#8221;3_5&#8243; _builder_version=&#8221;3.25&#8243; custom_padding=&#8221;|||&#8221; custom_padding__hover=&#8221;|||&#8221;][et_pb_text admin_label=&#8221;About Page Top Header &#8211; Text&#8221; _builder_version=&#8221;4.6.5&#8243; text_font=&#8221;|300|||||||&#8221; text_font_size=&#8221;20px&#8221; header_font=&#8221;|700||on|||||&#8221; header_text_color=&#8221;#ffb31a&#8221; header_font_size=&#8221;60px&#8221; text_orientation=&#8221;center&#8221; module_alignment=&#8221;center&#8221; hover_enabled=&#8221;0&#8243; text_font_size_tablet=&#8221;19px&#8221; text_font_size_phone=&#8221;17px&#8221; text_font_size_last_edited=&#8221;on|phone&#8221; header_font_size_tablet=&#8221;50px&#8221; header_font_size_phone=&#8221;35px&#8221; header_font_size_last_edited=&#8221;on|tablet&#8221; sticky_enabled=&#8221;0&#8243;] Integracija Trgovina semenima i \u017eitaricama DWZ Hung\u00e1ria bavi se [&hellip;]\" \/>\n<meta property=\"og:url\" content=\"http:\/\/dwz.hu\/rs\/integracija\/\" \/>\n<meta property=\"og:site_name\" content=\"DWZ Hung\u00e1ria \/ Serbia\" \/>\n<meta property=\"article:modified_time\" content=\"2020-10-16T03:34:56+00:00\" \/>\n<meta name=\"twitter:card\" content=\"summary_large_image\" \/>\n<script type=\"application\/ld+json\" class=\"yoast-schema-graph\">{\"@context\":\"https:\/\/schema.org\",\"@graph\":[{\"@type\":\"WebSite\",\"@id\":\"http:\/\/dwz.hu\/rs\/#website\",\"url\":\"http:\/\/dwz.hu\/rs\/\",\"name\":\"DWZ Hung\\u00e1ria \/ Serbia\",\"description\":\"Vet\\u0151mag \\u00e9s gabonakereskedelem, Baromfi szervestr\\u00e1gya, Olmix, Axeral, Borj\\u00fatejpor kereskedelem\",\"potentialAction\":[{\"@type\":\"SearchAction\",\"target\":\"http:\/\/dwz.hu\/rs\/?s={search_term_string}\",\"query-input\":\"required name=search_term_string\"}],\"inLanguage\":\"hu\"},{\"@type\":\"WebPage\",\"@id\":\"http:\/\/dwz.hu\/rs\/integracija\/#webpage\",\"url\":\"http:\/\/dwz.hu\/rs\/integracija\/\",\"name\":\"Integracija - DWZ Hung\\u00e1ria \/ Serbia\",\"isPartOf\":{\"@id\":\"http:\/\/dwz.hu\/rs\/#website\"},\"datePublished\":\"2019-03-23T13:44:46+00:00\",\"dateModified\":\"2020-10-16T03:34:56+00:00\",\"inLanguage\":\"hu\",\"potentialAction\":[{\"@type\":\"ReadAction\",\"target\":[\"http:\/\/dwz.hu\/rs\/integracija\/\"]}]}]}<\/script>\n<!-- \/ Yoast SEO plugin. -->","_links":{"self":[{"href":"http:\/\/dwz.hu\/rs\/wp-json\/wp\/v2\/pages\/38"}],"collection":[{"href":"http:\/\/dwz.hu\/rs\/wp-json\/wp\/v2\/pages"}],"about":[{"href":"http:\/\/dwz.hu\/rs\/wp-json\/wp\/v2\/types\/page"}],"author":[{"embeddable":true,"href":"http:\/\/dwz.hu\/rs\/wp-json\/wp\/v2\/users\/1"}],"replies":[{"embeddable":true,"href":"http:\/\/dwz.hu\/rs\/wp-json\/wp\/v2\/comments?post=38"}],"version-history":[{"count":14,"href":"http:\/\/dwz.hu\/rs\/wp-json\/wp\/v2\/pages\/38\/revisions"}],"predecessor-version":[{"id":426,"href":"http:\/\/dwz.hu\/rs\/wp-json\/wp\/v2\/pages\/38\/revisions\/426"}],"wp:attachment":[{"href":"http:\/\/dwz.hu\/rs\/wp-json\/wp\/v2\/media?parent=38"}],"curies":[{"name":"wp","href":"https:\/\/api.w.org\/{rel}","templated":true}]}}